{"id":33,"date":"2020-10-21T22:54:00","date_gmt":"2020-10-21T22:54:00","guid":{"rendered":"https:\/\/vitevitresjacques.website\/?page_id=33"},"modified":"2025-04-03T07:43:07","modified_gmt":"2025-04-03T12:43:07","slug":"about-us","status":"publish","type":"page","link":"https:\/\/vitevitresjacques.com\/en\/about-us\/","title":{"rendered":"About us"},"content":{"rendered":"\t\t<div data-elementor-type=\"wp-page\" data-elementor-id=\"33\" class=\"elementor elementor-33\" data-elementor-post-type=\"page\">\n\t\t\t\t\t\t<section data-particle_enable=\"false\" data-particle-mobile-disabled=\"false\" class=\"elementor-section elementor-top-section elementor-element elementor-element-b179cb3 elementor-section-height-min-height elementor-section-boxed elementor-section-height-default elementor-section-items-middle\" data-id=\"b179cb3\" data-element_type=\"section\" data-e-type=\"section\" data-settings=\"{&quot;background_background&quot;:&quot;classic&quot;}\">\n\t\t\t\t\t\t<div class=\"elementor-container elementor-column-gap-default\">\n\t\t\t\t\t<div class=\"elementor-column elementor-col-100 elementor-top-column elementor-element elementor-element-d35eb15\" data-id=\"d35eb15\" data-element_type=\"column\" data-e-type=\"column\">\n\t\t\t<div class=\"elementor-widget-wrap elementor-element-populated\">\n\t\t\t\t\t\t<div class=\"elementor-element elementor-element-661a2ce4 elementor-widget elementor-widget-heading\" data-id=\"661a2ce4\" data-element_type=\"widget\" data-e-type=\"widget\" data-widget_type=\"heading.default\">\n\t\t\t\t<div class=\"elementor-widget-container\">\n\t\t\t\t\t<div class=\"elementor-heading-title elementor-size-default\">30 years experience<\/div>\t\t\t\t<\/div>\n\t\t\t\t<\/div>\n\t\t\t\t<div class=\"elementor-element elementor-element-500cddc1 elementor-widget elementor-widget-heading\" data-id=\"500cddc1\" data-element_type=\"widget\" data-e-type=\"widget\" data-widget_type=\"heading.default\">\n\t\t\t\t<div class=\"elementor-widget-container\">\n\t\t\t\t\t<h1 class=\"elementor-heading-title elementor-size-default\">About VITE VITRES JACQUES<\/h1>\t\t\t\t<\/div>\n\t\t\t\t<\/div>\n\t\t\t\t\t<\/div>\n\t\t<\/div>\n\t\t\t\t\t<\/div>\n\t\t<\/section>\n\t\t\t\t<section data-particle_enable=\"false\" data-particle-mobile-disabled=\"false\" class=\"elementor-section elementor-top-section elementor-element elementor-element-3db896c elementor-section-boxed elementor-section-height-default elementor-section-height-default\" data-id=\"3db896c\" data-element_type=\"section\" data-e-type=\"section\" data-settings=\"{&quot;background_background&quot;:&quot;gradient&quot;}\">\n\t\t\t\t\t\t<div class=\"elementor-container elementor-column-gap-default\">\n\t\t\t\t\t<div class=\"elementor-column elementor-col-50 elementor-top-column elementor-element elementor-element-1720f03\" data-id=\"1720f03\" data-element_type=\"column\" data-e-type=\"column\">\n\t\t\t<div class=\"elementor-widget-wrap elementor-element-populated\">\n\t\t\t\t\t\t<div class=\"elementor-element elementor-element-5d556bd2 elementor-widget elementor-widget-heading\" data-id=\"5d556bd2\" data-element_type=\"widget\" data-e-type=\"widget\" data-widget_type=\"heading.default\">\n\t\t\t\t<div class=\"elementor-widget-container\">\n\t\t\t\t\t<h2 class=\"elementor-heading-title elementor-size-default\">Your reference for your windshield around montreal.<\/h2>\t\t\t\t<\/div>\n\t\t\t\t<\/div>\n\t\t\t\t<div class=\"elementor-element elementor-element-5acc9d9f elementor-widget elementor-widget-text-editor\" data-id=\"5acc9d9f\" data-element_type=\"widget\" data-e-type=\"widget\" data-widget_type=\"text-editor.default\">\n\t\t\t\t<div class=\"elementor-widget-container\">\n\t\t\t\t\t\t\t\t\t<p>Established on 1989, Vite Vitres Jacques Inc. was founded in Montr\u00e9al by Mr. Jaques Tarpinian with the corporate mission to provide convenient, competitively priced and satisfaction guaranteed service to the windshield and autoglass market of Montr\u00e9al.<\/p><p>\u201cEvery windshield repair project is unique in both the sense of the vehicle and the ease of mind of the client\u201d, says Jacques.<\/p><p>\u201cWhen I started in the business, I realized that the service offered to the clientele by my competitors was too \u2018mechanical\u2019, basically there was a lack of one-on-one quality service that ensures the clients\u2019 full satisfaction. So that\u2019s why I sought to offer my clients this high quality personalized service\u201d.<\/p><p>Eventually, the success of this business model ensured caught the public\u2019s attention, including the attention of the authorized automobile dealers of\u00a0 Montreal and the services of Vite Vitres Jacques grew in demand. \u201cThere is no big secret really\u201d, says Jacques, \u201cI basically ensured that my staff and I followed the same discipline with\u00a0 the major dealers as we would do with a regular client.<\/p><p>Simply make sure that the project is dealt with the same meticulous approach and treatment with no compromise on time or material. Nothing short of that is acceptable to us and truly that\u2019s what ensures the client\u2019s full satisfaction\u201d.<\/p><div class=\"mceTemp\">\u00a0<\/div>\t\t\t\t\t\t\t\t<\/div>\n\t\t\t\t<\/div>\n\t\t\t\t\t<\/div>\n\t\t<\/div>\n\t\t\t\t<div class=\"elementor-column elementor-col-50 elementor-top-column elementor-element elementor-element-40385fc\" data-id=\"40385fc\" data-element_type=\"column\" data-e-type=\"column\">\n\t\t\t<div class=\"elementor-widget-wrap elementor-element-populated\">\n\t\t\t\t\t\t<div class=\"elementor-element elementor-element-34e6ae9 elementor-widget elementor-widget-gallery\" data-id=\"34e6ae9\" data-element_type=\"widget\" data-e-type=\"widget\" data-settings=\"{&quot;gallery_layout&quot;:&quot;masonry&quot;,&quot;columns&quot;:2,&quot;columns_mobile&quot;:2,&quot;lazyload&quot;:&quot;yes&quot;,&quot;columns_tablet&quot;:2,&quot;gap&quot;:{&quot;unit&quot;:&quot;px&quot;,&quot;size&quot;:10,&quot;sizes&quot;:[]},&quot;gap_tablet&quot;:{&quot;unit&quot;:&quot;px&quot;,&quot;size&quot;:10,&quot;sizes&quot;:[]},&quot;gap_mobile&quot;:{&quot;unit&quot;:&quot;px&quot;,&quot;size&quot;:10,&quot;sizes&quot;:[]},&quot;link_to&quot;:&quot;file&quot;,&quot;overlay_background&quot;:&quot;yes&quot;,&quot;content_hover_animation&quot;:&quot;fade-in&quot;}\" data-widget_type=\"gallery.default\">\n\t\t\t\t<div class=\"elementor-widget-container\">\n\t\t\t\t\t\t\t<div class=\"elementor-gallery__container\">\n\t\t\t\t\t\t\t<a class=\"e-gallery-item elementor-gallery-item elementor-animated-content\" href=\"https:\/\/vitevitresjacques.com\/wp-content\/uploads\/2025\/04\/entretien-vitre-voiture.webp\" data-elementor-open-lightbox=\"yes\" data-elementor-lightbox-slideshow=\"34e6ae9\" data-elementor-lightbox-title=\"entretien-vitre-voiture\" data-elementor-lightbox-description=\"Technician servicing a car windshield at Vite Vitres Jacques in Montreal.\" data-e-action-hash=\"#elementor-action%3Aaction%3Dlightbox%26settings%3DeyJpZCI6MjA1NSwidXJsIjoiaHR0cHM6XC9cL3ZpdGV2aXRyZXNqYWNxdWVzLmNvbVwvd3AtY29udGVudFwvdXBsb2Fkc1wvMjAyNVwvMDRcL2VudHJldGllbi12aXRyZS12b2l0dXJlLndlYnAiLCJzbGlkZXNob3ciOiIzNGU2YWU5In0%3D\">\n\t\t\t\t\t<div class=\"e-gallery-image elementor-gallery-item__image\" data-thumbnail=\"https:\/\/vitevitresjacques.com\/wp-content\/uploads\/2025\/04\/entretien-vitre-voiture.webp\" data-width=\"600\" data-height=\"296\" aria-label=\"Technician servicing a car windshield at Vite Vitres Jacques in Montreal.\" role=\"img\" ><\/div>\n\t\t\t\t\t\t\t\t\t\t\t<div class=\"elementor-gallery-item__overlay\"><\/div>\n\t\t\t\t\t\t\t\t\t\t\t\t\t\t<\/a>\n\t\t\t\t\t\t\t<a class=\"e-gallery-item elementor-gallery-item elementor-animated-content\" href=\"https:\/\/vitevitresjacques.com\/wp-content\/uploads\/2025\/04\/vite-vitres-jacques-inc-par-m-jacques-tarpinian.webp\" data-elementor-open-lightbox=\"yes\" data-elementor-lightbox-slideshow=\"34e6ae9\" data-elementor-lightbox-title=\"vite-vitres-jacques-inc-par-m-jacques-tarpinian\" data-elementor-lightbox-description=\"Vite Vitres Jacques Inc, entreprise fond\u00e9e en 1989, sp\u00e9cialis\u00e9e dans la r\u00e9paration et le remplacement de pare-brise \u00e0 Montr\u00e9al, offrant un service personnalis\u00e9 et de qualit\u00e9.\" data-e-action-hash=\"#elementor-action%3Aaction%3Dlightbox%26settings%3DeyJpZCI6MjA0MywidXJsIjoiaHR0cHM6XC9cL3ZpdGV2aXRyZXNqYWNxdWVzLmNvbVwvd3AtY29udGVudFwvdXBsb2Fkc1wvMjAyNVwvMDRcL3ZpdGUtdml0cmVzLWphY3F1ZXMtaW5jLXBhci1tLWphY3F1ZXMtdGFycGluaWFuLndlYnAiLCJzbGlkZXNob3ciOiIzNGU2YWU5In0%3D\">\n\t\t\t\t\t<div class=\"e-gallery-image elementor-gallery-item__image\" data-thumbnail=\"https:\/\/vitevitresjacques.com\/wp-content\/uploads\/2025\/04\/vite-vitres-jacques-inc-par-m-jacques-tarpinian.webp\" data-width=\"1747\" data-height=\"2000\" aria-label=\"Vite Vitres Jacques Inc, entreprise fond\u00e9e en 1989, sp\u00e9cialis\u00e9e dans la r\u00e9paration et le remplacement de pare-brise \u00e0 Montr\u00e9al, offrant un service personnalis\u00e9 et de qualit\u00e9.\" role=\"img\" ><\/div>\n\t\t\t\t\t\t\t\t\t\t\t<div class=\"elementor-gallery-item__overlay\"><\/div>\n\t\t\t\t\t\t\t\t\t\t\t\t\t\t<\/a>\n\t\t\t\t\t\t\t<a class=\"e-gallery-item elementor-gallery-item elementor-animated-content\" href=\"https:\/\/vitevitresjacques.com\/wp-content\/uploads\/2025\/04\/logo-vvj-squared-1.webp\" data-elementor-open-lightbox=\"yes\" data-elementor-lightbox-slideshow=\"34e6ae9\" data-elementor-lightbox-title=\"logo-vvj-squared-1\" data-elementor-lightbox-description=\"Logo de Vite Vitres Jacques Inc, sp\u00e9cialiste de la r\u00e9paration et du remplacement de pare-brise \u00e0 Montr\u00e9al.\" data-e-action-hash=\"#elementor-action%3Aaction%3Dlightbox%26settings%3DeyJpZCI6MjA1NiwidXJsIjoiaHR0cHM6XC9cL3ZpdGV2aXRyZXNqYWNxdWVzLmNvbVwvd3AtY29udGVudFwvdXBsb2Fkc1wvMjAyNVwvMDRcL2xvZ28tdnZqLXNxdWFyZWQtMS53ZWJwIiwic2xpZGVzaG93IjoiMzRlNmFlOSJ9\">\n\t\t\t\t\t<div class=\"e-gallery-image elementor-gallery-item__image\" data-thumbnail=\"https:\/\/vitevitresjacques.com\/wp-content\/uploads\/2025\/04\/logo-vvj-squared-1.webp\" data-width=\"672\" data-height=\"673\" aria-label=\"Logo de Vite Vitres Jacques Inc, sp\u00e9cialiste de la r\u00e9paration et du remplacement de pare-brise \u00e0 Montr\u00e9al.\" role=\"img\" ><\/div>\n\t\t\t\t\t\t\t\t\t\t\t<div class=\"elementor-gallery-item__overlay\"><\/div>\n\t\t\t\t\t\t\t\t\t\t\t\t\t\t<\/a>\n\t\t\t\t\t<\/div>\n\t\t\t\t\t<\/div>\n\t\t\t\t<\/div>\n\t\t\t\t\t<\/div>\n\t\t<\/div>\n\t\t\t\t\t<\/div>\n\t\t<\/section>\n\t\t\t\t\t<script>\n\t\t\t\t(function($) {\n                    \"use strict\";\n\n                    var target = $('.elementor-element-3db896c');\n                    target.addClass('e-lazyloaded');\n\n                    \n                    var EaelParallaxElement = {\n\n\t\t\t\t\t\tinit: function() {\n\t\t\t\t\t\t\telementorFrontend.hooks.addAction('frontend\/element_ready\/global', EaelParallaxElement.initWidget);\n\t\t\t\t\t\t},\n                        responsiveParallax: function(){\n                            var android = 1,\n                                ios = 1;\n                            switch( true || 1 ){\n                                case android && ios:\n                                    return \/iPad|iPhone|iPod|Android\/;\n                                    break;\n                                case android && ! ios:\n                                    return \/Android\/;\n                                    break;\n                                case ! android && ios:\n                                    return \/iPad|iPhone|iPod\/;\n                                    break;\n                                case ( ! android && ! ios ):\n                                    return null;\n                            }\n                        },\n\t\t\t\t\t\tinitWidget: function( $scope ) {\n\n\t\t\t\t\t\t\ttarget.jarallax({\n\t\t\t\t\t\t\t\ttype: 'scroll-opacity',\n\t\t\t\t\t\t\t\tspeed: 1.3,\n\t\t\t\t\t\t\t\tkeepImg: true,\n                                disableParallax: EaelParallaxElement.responsiveParallax(),\n\t\t\t\t\t\t\t});\n\t\t\t\t\t\t}\n\n\t\t\t\t\t};\n\n\t\t\t\t\t$( window ).on('elementor\/frontend\/init', EaelParallaxElement.init);\n\n                    \t\t\t\t}( jQuery ) );\n\t\t\t<\/script>\n\t\t\t\t<\/div>\n\t\t","protected":false},"excerpt":{"rendered":"<p>30 years experience About VITE VITRES JACQUES Your reference for your windshield around montreal. Established on 1989, Vite Vitres Jacques Inc. was founded in Montr\u00e9al by Mr. Jaques Tarpinian with the corporate mission to provide convenient, competitively priced and satisfaction guaranteed service to the windshield and autoglass market of Montr\u00e9al. \u201cEvery windshield repair project is [&hellip;]<\/p>\n","protected":false},"author":1,"featured_media":0,"parent":0,"menu_order":0,"comment_status":"closed","ping_status":"closed","template":"elementor_header_footer","meta":{"footnotes":""},"class_list":["post-33","page","type-page","status-publish","hentry"],"_links":{"self":[{"href":"https:\/\/vitevitresjacques.com\/en\/wp-json\/wp\/v2\/pages\/33","targetHints":{"allow":["GET"]}}],"collection":[{"href":"https:\/\/vitevitresjacques.com\/en\/wp-json\/wp\/v2\/pages"}],"about":[{"href":"https:\/\/vitevitresjacques.com\/en\/wp-json\/wp\/v2\/types\/page"}],"author":[{"embeddable":true,"href":"https:\/\/vitevitresjacques.com\/en\/wp-json\/wp\/v2\/users\/1"}],"replies":[{"embeddable":true,"href":"https:\/\/vitevitresjacques.com\/en\/wp-json\/wp\/v2\/comments?post=33"}],"version-history":[{"count":0,"href":"https:\/\/vitevitresjacques.com\/en\/wp-json\/wp\/v2\/pages\/33\/revisions"}],"wp:attachment":[{"href":"https:\/\/vitevitresjacques.com\/en\/wp-json\/wp\/v2\/media?parent=33"}],"curies":[{"name":"wp","href":"https:\/\/api.w.org\/{rel}","templated":true}]}}